{"id":183,"date":"2023-05-14T16:49:29","date_gmt":"2023-05-14T16:49:29","guid":{"rendered":"https:\/\/manichaean.org\/en\/?page_id=183"},"modified":"2023-05-21T17:00:54","modified_gmt":"2023-05-21T17:00:54","slug":"languages","status":"publish","type":"page","link":"https:\/\/manichaean.org\/en\/welcome\/languages\/","title":{"rendered":"Languages"},"content":{"rendered":"<p>The translations are being checked. The pages for the site will be available in these and other languages as soon as possible. Thank you for your patience.<\/p>\n<p><select name=\"sample\" onchange=\"location = this.value;\"><option value=\"#arabic\">Arabic<\/option><option value=\"#azerbaijani\">Azerbaijani<\/option><option value=\"#croatian\">Croatian<\/option><option value=\"#english\">English<\/option><option value=\"#farsi\">Farsi<\/option><option value=\"#french\">French<\/option><option value=\"#german\">German<\/option><option value=\"#haitian\">Haitian Creole<\/option><option value=\"#indonesian\">Indonesian<\/option><option value=\"#portuguese\">Portuguese<\/option><option value=\"#spanish\">Spanish<\/option><option value=\"#turkish\">Turkish<\/option><option value=\"#urdu\">Urdu<\/option><\/select> <\/p>\n<hr>\n<p><a name=\"arabic\"><strong>\u0639\u0631\u0628\u064a<\/strong><\/a><\/p>\n<hr>\n<p><a name=\"haitian\"><strong>Ayisyen<\/strong><\/a><\/p>\n<ul>\n<li><a href=\"https:\/\/manichaean.org\/en\/wp-content\/uploads\/2023\/05\/haitian-where-to-begin.pdf\" rel=\"noopener\" target=\"_blank\">Kote ou dwe k\u00f2manse?<\/a><\/li>\n<\/ul>\n<hr>\n<p><a name=\"azerbaijani\"><strong>Az\u0259rbaycanl\u0131<\/strong><\/a><\/p>\n<ul>\n<li><a href=\"https:\/\/manichaean.org\/en\/wp-content\/uploads\/2023\/05\/az-where-do-i-begin.pdf\" rel=\"noopener\" target=\"_blank\">Haradan Ba\u015flamal\u0131yam?<\/a><\/li>\n<li><a href=\"https:\/\/manichaean.org\/en\/wp-content\/uploads\/2023\/05\/az-introduction-to-the-faith.pdf\" rel=\"noopener\" target=\"_blank\">Maninin dini haqq\u0131nda \u00f6yr\u0259nin<\/a><\/li>\n<\/ul>\n<hr>\n<p><a name=\"indonesian\"><strong>Bahasa Indonesia<\/strong><\/a><\/p>\n<hr>\n<p><a name=\"german\"><strong>Deutsch<\/strong><\/a><\/p>\n<hr>\n<p><a name=\"english\"><strong>English<\/strong><\/a><\/p>\n<hr>\n<p><a name=\"spanish\"><strong>Espa\u00f1ol<\/strong><\/a><\/p>\n<hr>\n<p><a name=\"french\"><strong>Fran\u00e7ais<\/strong><\/a><\/p>\n<ul>\n<li><a href=\"https:\/\/manichaean.org\/en\/wp-content\/uploads\/2023\/05\/fr-book-of-prayer.pdf\" rel=\"noopener\" target=\"_blank\">Un Livre de Pri\u00e8res Manich\u00e9ennes<\/a> (Book of Manichaean Prayers)<\/li>\n<li><a href=\"https:\/\/manichaean.org\/en\/wp-content\/uploads\/2023\/05\/fre-introduction-to-manichaeism.pdf\" rel=\"noopener\" target=\"_blank\">Une introduction au manich\u00e9isme<\/a> (Introduction to the Faith)<\/li>\n<li><a href=\"https:\/\/manichaean.org\/en\/wp-content\/uploads\/2023\/05\/fr-daily-gospel-annual.pdf\" rel=\"noopener\" target=\"_blank\">Lecture quotidienne de l&#8217;\u00c9vangile<\/a> (Daily Gospel)<\/li>\n<li><a href=\"https:\/\/manichaean.org\/en\/wp-content\/uploads\/2023\/05\/fr-various-observances.pdf\" rel=\"noopener\" target=\"_blank\">Diverses Observances Religieuses<\/a> (Various Observances)<\/li>\n<\/ul>\n<hr>\n<p><a name=\"croatian\"><strong>Hrvatski<\/strong><\/a><\/p>\n<hr>\n<p><a name=\"portugese\"><strong>Portugu\u00eas<\/strong><\/a><\/p>\n<hr>\n<p><a name=\"turkish\"><strong>T\u00fcrk\u00e7e<\/strong><\/a><\/p>\n<ul>\n<li><a href=\"https:\/\/manichaean.org\/en\/wp-content\/uploads\/2023\/05\/turkish-where-to-begin.pdf\" rel=\"noopener\" target=\"_blank\">Nereden ba\u015flamal\u0131y\u0131m?<\/a><\/li>\n<\/ul>\n<hr>\n<p><a name=\"farsi\"><strong>\u0641\u0627\u0631\u0633\u06cc<\/strong><\/a><\/p>\n<hr>\n<p><a name=\"urdu\"><strong>\u0627\u0631\u062f\u0648<\/strong><\/a><\/p>\n<hr>\n","protected":false},"excerpt":{"rendered":"<p>The translations are being checked. The pages for the site will be available in these and other languages as soon as possible. Thank you for your patience. ArabicAzerbaijaniCroatianEnglishFarsiFrenchGermanHaitian CreoleIndonesianPortugueseSpanishTurkishUrdu \u0639\u0631\u0628\u064a Ayisyen Kote ou dwe k\u00f2manse? Az\u0259rbaycanl\u0131 Haradan Ba\u015flamal\u0131yam? Maninin dini haqq\u0131nda \u00f6yr\u0259nin Bahasa Indonesia Deutsch English Espa\u00f1ol Fran\u00e7ais Un Livre de Pri\u00e8res Manich\u00e9ennes (Book of [&hellip;]<\/p>\n","protected":false},"author":1,"featured_media":0,"parent":11,"menu_order":0,"comment_status":"closed","ping_status":"closed","template":"","meta":{"footnotes":""},"class_list":["post-183","page","type-page","status-publish","hentry"],"_links":{"self":[{"href":"https:\/\/manichaean.org\/en\/wp-json\/wp\/v2\/pages\/183","targetHints":{"allow":["GET"]}}],"collection":[{"href":"https:\/\/manichaean.org\/en\/wp-json\/wp\/v2\/pages"}],"about":[{"href":"https:\/\/manichaean.org\/en\/wp-json\/wp\/v2\/types\/page"}],"author":[{"embeddable":true,"href":"https:\/\/manichaean.org\/en\/wp-json\/wp\/v2\/users\/1"}],"replies":[{"embeddable":true,"href":"https:\/\/manichaean.org\/en\/wp-json\/wp\/v2\/comments?post=183"}],"version-history":[{"count":32,"href":"https:\/\/manichaean.org\/en\/wp-json\/wp\/v2\/pages\/183\/revisions"}],"predecessor-version":[{"id":258,"href":"https:\/\/manichaean.org\/en\/wp-json\/wp\/v2\/pages\/183\/revisions\/258"}],"up":[{"embeddable":true,"href":"https:\/\/manichaean.org\/en\/wp-json\/wp\/v2\/pages\/11"}],"wp:attachment":[{"href":"https:\/\/manichaean.org\/en\/wp-json\/wp\/v2\/media?parent=183"}],"curies":[{"name":"wp","href":"https:\/\/api.w.org\/{rel}","templated":true}]}}